{"id":18220,"date":"2019-01-02T18:03:00","date_gmt":"2019-01-02T17:03:00","guid":{"rendered":"https:\/\/www.irisautocenter.be\/contact\/"},"modified":"2024-02-22T18:36:13","modified_gmt":"2024-02-22T17:36:13","slug":"contact","status":"publish","type":"page","link":"https:\/\/www.irisautocenter.be\/en\/contact\/","title":{"rendered":"Contact"},"content":{"rendered":"<p>[vc_row section_type=&#8221;fullwidth&#8221; padding_top_multiplier=&#8221;&#8221; padding_bottom_multiplier=&#8221;&#8221; columns_gap=&#8221;none&#8221; section_id=&#8221;contact&#8221;][vc_column clipping_animation=&#8221;colored-clipping-right&#8221; animation_delay=&#8221;600&#8243;]<div class=\"grve-map-wrapper\"><div class=\"grve-element grve-map\" data-lat=\"50.8795639\" data-lng=\"4.3778336999999965\" data-zoom=\"16\" data-disable-style=\"no\" style=\"height: 500px;\"><\/div><div style=\"display:none\" class=\"grve-map-point\" data-point-marker=\"\/\/www.irisautocenter.be\/wp-content\/themes\/movedo\/images\/markers\/transparent.png\" data-point-lat=\"50.8795639\" data-point-lng=\"4.3778336999999965\" data-point-title=\"Iris Auto Center Ans + Si\u00e8ge\" data-point-type=\"pulse-dot\" data-point-open=\"no\" data-point-marker-width=\"\" data-point-marker-height=\"\" data-point-bg-color=\"primary-1\"><div class=\"grve-map-infotext\"><h6 class=\"grve-infotext-title\">Iris Auto Center Ans + Si\u00e8ge<\/h6><\/div><\/div><div style=\"display:none\" class=\"grve-map-point\" data-point-marker=\"\/\/www.irisautocenter.be\/wp-content\/themes\/movedo\/images\/markers\/transparent.png\" data-point-lat=\"50.6657468\" data-point-lng=\"5.5329293\" data-point-title=\"Iris Auto Center Ans\" data-point-type=\"pulse-dot\" data-point-open=\"no\" data-point-marker-width=\"\" data-point-marker-height=\"\" data-point-bg-color=\"primary-1\"><div class=\"grve-map-infotext\"><h6 class=\"grve-infotext-title\">Iris Auto Center Ans<\/h6><\/div><\/div><\/div>[\/vc_column][\/vc_row][vc_row section_type=&#8221;fullwidth&#8221; padding_top_multiplier=&#8221;&#8221; padding_bottom_multiplier=&#8221;&#8221; columns_gap=&#8221;none&#8221; equal_column_height=&#8221;equal-column&#8221; section_id=&#8221;contact&#8221;][vc_column column_custom_position=&#8221;yes&#8221; position_top=&#8221;minus-3x&#8221; width=&#8221;1\/3&#8243; tablet_width=&#8221;hide&#8221; tablet_sm_width=&#8221;hide&#8221; mobile_width=&#8221;hide&#8221;][\/vc_column][vc_column column_custom_position=&#8221;yes&#8221; position_top=&#8221;minus-3x&#8221; width=&#8221;1\/3&#8243; tablet_width=&#8221;1-2&#8243; tablet_sm_width=&#8221;1-2&#8243; shadow=&#8221;large&#8221; clipping_animation=&#8221;colored-clipping-down&#8221; clipping_animation_colors=&#8221;primary-2&#8243; animation_delay=&#8221;1000&#8243; css=&#8221;.vc_custom_1662985036617{padding-top: 12% !important;padding-right: 12% !important;padding-bottom: 12% !important;padding-left: 12% !important;background-color: #1f2c6c !important;}&#8221; font_color=&#8221;#ffffff&#8221; el_class=&#8221;contact&#8221;][vc_column_text]<\/p>\n<p style=\"text-align: center;\"><strong>IRIS AUTO CENTER BXL<\/strong><br \/>\nAvenue de Vilvorde 78 &#8211; 1000 Brussels (showroom)<\/p>\n<p style=\"text-align: center;\">Mo &#8211; Tu &#8211; Wo &#8211; Th &#8211; Fr : 10:30 &#8211; 18:30<br \/>\nSa : 10:00 &#8211; 17:00 |\u00a0 Sunday : closed<\/p>\n<p style=\"text-align: center;\"><strong>Tel :<\/strong> <a href=\"tel:+3222478888\">+32 2 247 88 88<\/a><br \/>\n<strong>Email :<\/strong> <a href=\"mailto:info@irisauto.a-move.com\">info@irisauto.a-move.com<\/a><\/p>\n<p>[\/vc_column_text][\/vc_column][vc_column column_custom_position=&#8221;yes&#8221; position_top=&#8221;minus-3x&#8221; width=&#8221;1\/3&#8243; tablet_width=&#8221;hide&#8221; mobile_width=&#8221;hide&#8221;][\/vc_column][\/vc_row][vc_row padding_top_multiplier=&#8221;&#8221; padding_bottom_multiplier=&#8221;3x&#8221; el_class=&#8221;mobile-pad&#8221;][vc_column heading_color=&#8221;primary-1&#8243;]<h3 class=\"grve-element grve-title grve-align-center grve-h2\" style=\"margin-bottom: 30px;\"><span>How to get to the Brussels showroom?<span class=\"grve-title-line grve-bg-primary-1\" style=\"width: 90px;height: 2px;\"><\/span><\/span><\/h3>[\/vc_column][vc_column width=&#8221;1\/3&#8243;]<div class=\"grve-element grve-box-icon grve-extra-small grve-top-icon grve-align-center\" style=\"margin-bottom: 30px;\"><div class=\"grve-image-icon\"><img width=\"256\" height=\"256\" src=\"https:\/\/www.irisautocenter.be\/wp-content\/uploads\/2022\/09\/001-car.png\" class=\"attachment-full size-full\" alt=\"\" loading=\"lazy\" srcset=\"https:\/\/www.irisautocenter.be\/wp-content\/uploads\/2022\/09\/001-car.png 256w, https:\/\/www.irisautocenter.be\/wp-content\/uploads\/2022\/09\/001-car-150x150.png 150w, https:\/\/www.irisautocenter.be\/wp-content\/uploads\/2022\/09\/001-car-100x100.png 100w\" sizes=\"(max-width: 256px) 100vw, 256px\" \/><\/div><div class=\"grve-box-content\"><div class=\"grve-box-title-wrapper\"><h3 class=\"grve-box-title grve-h3\">By car<\/h3><\/div>  <p class=\"\">Iris AutoCenter is a stone\u2019s throw from the Van Praet bridge, opposite Docks Bruxsel.\u2028 If you\u2019re coming from Vilvorde, it\u2019s the last building on your right.\u2028 If you\u2019re coming over the Van Praet bridge, take the Avenue de Vilvorde and make a U-turn at the first break in the central reservation, heading back towards Iris AutoCenter.<\/p><\/div><\/div><div class=\"grve-element grve-align-center\"><a href=\"https:\/\/www.youtube.com\/watch?v=72O2a2dyPyk\" class=\"grve-btn grve-btn-small grve-extra-round grve-bg-primary-1 grve-bg-hover-primary-2 grve-video-popup\"><span><i class=\"smp-icon-control-play\"><\/i>How do I get there?<\/span><\/a><\/div>[\/vc_column][vc_column width=&#8221;1\/3&#8243;]<div class=\"grve-element grve-box-icon grve-extra-small grve-top-icon grve-align-center\" style=\"\"><div class=\"grve-image-icon\"><img width=\"256\" height=\"256\" src=\"https:\/\/www.irisautocenter.be\/wp-content\/uploads\/2022\/09\/002-tram.png\" class=\"attachment-full size-full\" alt=\"\" loading=\"lazy\" srcset=\"https:\/\/www.irisautocenter.be\/wp-content\/uploads\/2022\/09\/002-tram.png 256w, https:\/\/www.irisautocenter.be\/wp-content\/uploads\/2022\/09\/002-tram-150x150.png 150w, https:\/\/www.irisautocenter.be\/wp-content\/uploads\/2022\/09\/002-tram-100x100.png 100w\" sizes=\"(max-width: 256px) 100vw, 256px\" \/><\/div><div class=\"grve-box-content\"><div class=\"grve-box-title-wrapper\"><h3 class=\"grve-box-title grve-h3\">By public transport<\/h3><\/div>  <p class=\"\"><strong>Tram:<\/strong> 3 et 7 (stopping at Teichmann)<br \/>\n<strong>Bus:<\/strong> 47 et 57 (stopping at Teichmann or Pont Albert or Gare de Schaerbeek)<br \/>\n<strong>Train:<\/strong> Gare de Schaerbeek.<\/p><\/div><\/div>[\/vc_column][vc_column width=&#8221;1\/3&#8243;]<div class=\"grve-element grve-box-icon grve-extra-small grve-top-icon grve-align-center\" style=\"margin-bottom: 30px;\"><div class=\"grve-image-icon\"><img width=\"256\" height=\"256\" src=\"https:\/\/www.irisautocenter.be\/wp-content\/uploads\/2022\/09\/003-showroom.png\" class=\"attachment-full size-full\" alt=\"\" loading=\"lazy\" srcset=\"https:\/\/www.irisautocenter.be\/wp-content\/uploads\/2022\/09\/003-showroom.png 256w, https:\/\/www.irisautocenter.be\/wp-content\/uploads\/2022\/09\/003-showroom-150x150.png 150w, https:\/\/www.irisautocenter.be\/wp-content\/uploads\/2022\/09\/003-showroom-100x100.png 100w\" sizes=\"(max-width: 256px) 100vw, 256px\" \/><\/div><div class=\"grve-box-content\"><div class=\"grve-box-title-wrapper\"><h3 class=\"grve-box-title grve-h3\">Showroom access<\/h3><\/div>  <p class=\"\">Iris AutoCenter is located on the third floor of the building.\u2028 Pedestrian access is via the lift or the stairs through the tower.\u2028 Vehicle access is via the ramp to the third floor.<br \/>\n<strong>Parking is free for visitors.<\/strong><\/p><\/div><\/div><div class=\"grve-element grve-align-center\"><a href=\"https:\/\/www.youtube.com\/watch?v=Yc2_vILqA98\" class=\"grve-btn grve-btn-small grve-extra-round grve-bg-primary-1 grve-bg-hover-black grve-video-popup\"><span><i class=\"smp-icon-control-play\"><\/i>How do I get there?<\/span><\/a><\/div>[\/vc_column][\/vc_row][vc_row padding_top_multiplier=&#8221;2x&#8221; padding_bottom_multiplier=&#8221;3x&#8221; el_class=&#8221;mobile-pad&#8221;][vc_column width=&#8221;1\/6&#8243;][\/vc_column][vc_column width=&#8221;2\/3&#8243; heading_color=&#8221;primary-1&#8243;]<h3 class=\"grve-element grve-title grve-align-center grve-h2\" style=\"\"><span>Still have a question?<span class=\"grve-title-line grve-bg-primary-1\" style=\"width: 90px;height: 2px;\"><\/span><\/span><\/h3>[vc_column_text]<\/p>\n<p style=\"text-align: center;\">Contact us. We\u2019ll get back to you as soon as possible.<\/p>\n<p>[\/vc_column_text]<div class=\"grve-empty-space grve-height-1x\" style=\"\"><\/div>[vc_column_text]<div class=\"frm_forms \" id=\"frm_form_17_container\" >\n<form enctype=\"multipart\/form-data\" method=\"post\" class=\"frm-show-form  frm_js_validate  frm_pro_form  frm_ajax_submit \" id=\"form_contact-form3\"  >\n<div class=\"frm_form_fields \">\n<fieldset>\n<legend class=\"frm_screen_reader\">Contact-EN<\/legend>\r\n\r\n<div class=\"frm_fields_container\">\n<input type=\"hidden\" name=\"frm_action\" value=\"create\" \/>\n<input type=\"hidden\" name=\"form_id\" value=\"17\" \/>\n<input type=\"hidden\" name=\"frm_hide_fields_17\" id=\"frm_hide_fields_17\" value=\"\" \/>\n<input type=\"hidden\" name=\"form_key\" value=\"contact-form3\" \/>\n<input type=\"hidden\" name=\"item_meta[0]\" value=\"\" \/>\n<input type=\"hidden\" id=\"frm_submit_entry_17\" name=\"frm_submit_entry_17\" value=\"89b9892a47\" \/><input type=\"hidden\" name=\"_wp_http_referer\" value=\"\/en\/wp-json\/wp\/v2\/pages\/18220\" \/><div id=\"frm_field_180_container\" class=\"frm_form_field form-field  frm_required_field frm_top_container frm_first frm_half\">\r\n    <label for=\"field_qh4icy3\" class=\"frm_primary_label\">Who are you ?\r\n        <span class=\"frm_required\">*<\/span>\r\n    <\/label>\r\n    <input type=\"text\" id=\"field_qh4icy3\" name=\"item_meta[180]\" value=\"\"  data-reqmsg=\"This field cannot be empty\" aria-required=\"true\" data-invmsg=\"Name est non valide\" aria-invalid=\"false\"   aria-describedby=\"frm_desc_field_qh4icy3\"\/>\r\n    <div class=\"frm_description\" id=\"frm_desc_field_qh4icy3\">First name<\/div>\r\n    \r\n<\/div>\n<div id=\"frm_field_181_container\" class=\"frm_form_field form-field  frm_required_field frm_hidden_container frm_half\">\r\n    <label for=\"field_ocfup13\" class=\"frm_primary_label\">Name\r\n        <span class=\"frm_required\"><\/span>\r\n    <\/label>\r\n    <input type=\"text\" id=\"field_ocfup13\" name=\"item_meta[181]\" value=\"\"  data-reqmsg=\"This field cannot be empty\" aria-required=\"true\" data-invmsg=\"Last est non valide\" aria-invalid=\"false\"   aria-describedby=\"frm_desc_field_ocfup13\"\/>\r\n    <div class=\"frm_description\" id=\"frm_desc_field_ocfup13\">Name<\/div>\r\n    \r\n<\/div>\n<div id=\"frm_field_182_container\" class=\"frm_form_field form-field  frm_required_field frm_top_container frm_first frm_half\">\r\n    <label for=\"field_29yf4d3\" class=\"frm_primary_label\">E-mail\r\n        <span class=\"frm_required\">*<\/span>\r\n    <\/label>\r\n    <input type=\"email\" id=\"field_29yf4d3\" name=\"item_meta[182]\" value=\"\"  data-reqmsg=\"This field cannot be empty\" aria-required=\"true\" data-invmsg=\"Please enter a valid email address\" aria-invalid=\"false\"  \/>\r\n    \r\n    \r\n<\/div>\n<div id=\"frm_field_183_container\" class=\"frm_form_field form-field  frm_required_field frm_top_container frm_last frm_half\">\r\n    <label for=\"field_e6lis63\" class=\"frm_primary_label\">Phone\r\n        <span class=\"frm_required\">*<\/span>\r\n    <\/label>\r\n    <input type=\"tel\" id=\"field_e6lis63\" name=\"item_meta[183]\" value=\"\"  data-reqmsg=\"This field cannot be empty\" aria-required=\"true\" data-invmsg=\"Subject est non valide\" aria-invalid=\"false\" pattern=\"((\\+\\d{1,3}(-|.| )?\\(?\\d\\)?(-| |.)?\\d{1,5})|(\\(?\\d{2,6}\\)?))(-|.| )?(\\d{3,4})(-|.| )?(\\d{4})(( x| ext)\\d{1,5}){0,1}$\"  \/>\r\n    \r\n    \r\n<\/div>\n<div id=\"frm_field_184_container\" class=\"frm_form_field form-field  frm_top_container\">\r\n    <label for=\"field_a3s893\" class=\"frm_primary_label\">When can we contact you?\r\n        <span class=\"frm_required\"><\/span>\r\n    <\/label>\r\n    \t\t<select name=\"item_meta[184]\" id=\"field_a3s893\"  data-frmval=\"No preference\" data-invmsg=\"When can we contact you? is invalid\" aria-invalid=\"false\"  >\n\t\t\t\t<option  value=\"No preference\" selected=\"selected\">\n\t\t\tNo preference\t\t<\/option>\n\t\t\t\t<option  value=\"Early  morning \">\n\t\t\tEarly  morning \t\t<\/option>\n\t\t\t\t<option  value=\"Later in the morning \">\n\t\t\tLater in the morning \t\t<\/option>\n\t\t\t\t<option  value=\"At lunch time \">\n\t\t\tAt lunch time \t\t<\/option>\n\t\t\t\t<option  value=\"Early afternoon \">\n\t\t\tEarly afternoon \t\t<\/option>\n\t\t\t\t<option  value=\"Late afternoon \">\n\t\t\tLate afternoon \t\t<\/option>\n\t\t\t\t<option  value=\"Early evening \">\n\t\t\tEarly evening \t\t<\/option>\n\t\t\t<\/select>\n\t\r\n    \r\n    \r\n<\/div>\n<div id=\"frm_field_185_container\" class=\"frm_form_field form-field  frm_required_field frm_top_container frm_full\">\r\n    <label for=\"field_9jv0r13\" class=\"frm_primary_label\">Message\r\n        <span class=\"frm_required\">*<\/span>\r\n    <\/label>\r\n    <textarea name=\"item_meta[185]\" id=\"field_9jv0r13\" rows=\"5\"  data-reqmsg=\"This field cannot be empty\" aria-required=\"true\" data-invmsg=\"Message is invalid\" aria-invalid=\"false\"  ><\/textarea>\r\n    \r\n    \r\n<\/div>\n<div id=\"frm_field_186_container\" class=\"frm_form_field form-field  frm_required_field frm_top_container frm_full vertical_radio\">\r\n    <label for=\"field_599qk3\" class=\"frm_primary_label\">Privacy protection\r\n        <span class=\"frm_required\">*<\/span>\r\n    <\/label>\r\n    <div class=\"frm_opt_container\">\t\t<div class=\"frm_checkbox\" id=\"frm_checkbox_186-0\"><label for=\"field_599qk3-0\"><input type=\"checkbox\" name=\"item_meta[186][]\" id=\"field_599qk3-0\" value=\"Your data will only be used to contact a professional seller. In our &lt;a class=&quot;red&quot; href=&quot;https:\/\/www.irisautocenter.be\/en\/privacy-policy\/&quot;&gt;privacy policy&lt;\/a&gt;, you will find more information about the use of your data on our website.\"  data-reqmsg=\"We need your agreement to process your personal data.\" aria-required=\"true\" data-invmsg=\"Privacy protection is invalid\" aria-invalid=\"false\"   \/> Your data will only be used to contact a professional seller. In our <a class=\"red\" href=\"https:\/\/www.irisautocenter.be\/en\/privacy-policy\/\">privacy policy<\/a>, you will find more information about the use of your data on our website.<\/label><\/div>\n<\/div>\r\n    \r\n    \r\n<\/div>\n<div id=\"frm_field_187_container\" class=\"frm_form_field form-field  frm_none_container\">\r\n    <label  class=\"frm_primary_label\">reCAPTCHA\r\n        <span class=\"frm_required\"><\/span>\r\n    <\/label>\r\n    <div id=\"field_a01da3\" class=\"g-recaptcha\" data-sitekey=\"6Ldl54kUAAAAACaUoNMZikzKAwCnzV31HAHF0epL\" data-size=\"invisible\" data-theme=\"light\" data-callback=\"frmAfterRecaptcha\"><\/div>\r\n    \r\n    \r\n<\/div>\n\t<input type=\"hidden\" name=\"item_key\" value=\"\" \/>\n\t\t\t\t<div class=\"frm_verify\" aria-hidden=\"true\">\n\t\t\t\t<label for=\"frm_email_17\">\n\t\t\t\t\tIf you are human, leave this field blank.\t\t\t\t<\/label>\n\t\t\t\t<input type=\"text\" class=\"frm_verify\" id=\"frm_email_17\" name=\"frm_verify\" value=\"\"  \/>\n\t\t\t<\/div>\n\t\t<input name=\"frm_state\" type=\"hidden\" value=\"4hIxPOI+aJsYVtSY3hU\/65axpeg2nIVJrmVWBeuAqWA=\" \/><div class=\"frm_submit\">\r\n\r\n<button class=\"frm_button_submit frm_final_submit\" type=\"submit\"   formnovalidate=\"formnovalidate\">Send<\/button>\r\n\r\n<\/div><\/div>\n<\/fieldset>\n<\/div>\n<\/form>\n<\/div>\n[\/vc_column_text][\/vc_column][vc_column width=&#8221;1\/6&#8243;][\/vc_column][\/vc_row]<\/p>\n","protected":false},"excerpt":{"rendered":"<p>[vc_row section_type=&#8221;fullwidth&#8221; padding_top_multiplier=&#8221;&#8221; padding_bottom_multiplier=&#8221;&#8221; columns_gap=&#8221;none&#8221; section_id=&#8221;contact&#8221;][vc_column clipping_animation=&#8221;colored-clipping-right&#8221; animation_delay=&#8221;600&#8243;][\/vc_column][\/vc_row][vc_row section_type=&#8221;fullwidth&#8221; padding_top_multiplier=&#8221;&#8221; padding_bottom_multiplier=&#8221;&#8221; columns_gap=&#8221;none&#8221; equal_column_height=&#8221;equal-column&#8221; section_id=&#8221;contact&#8221;][vc_column column_custom_position=&#8221;yes&#8221; position_top=&#8221;minus-3x&#8221; width=&#8221;1\/3&#8243; tablet_width=&#8221;hide&#8221; tablet_sm_width=&#8221;hide&#8221; mobile_width=&#8221;hide&#8221;][\/vc_column][vc_column column_custom_position=&#8221;yes&#8221; position_top=&#8221;minus-3x&#8221; width=&#8221;1\/3&#8243; tablet_width=&#8221;1-2&#8243; tablet_sm_width=&#8221;1-2&#8243; shadow=&#8221;large&#8221; clipping_animation=&#8221;colored-clipping-down&#8221; clipping_animation_colors=&#8221;primary-2&#8243; animation_delay=&#8221;1000&#8243; css=&#8221;.vc_custom_1662985036617{padding-top: 12% !important;padding-right: 12% !important;padding-bottom: 12% !important;padding-left: 12% !important;background-color: #1f2c6c !important;}&#8221; font_color=&#8221;#ffffff&#8221; el_class=&#8221;contact&#8221;][vc_column_text] IRIS AUTO CENTER BXL Avenue de Vilvorde 78 &#8211; 1000 Brussels (showroom) Mo [&hellip;]<\/p>\n","protected":false},"author":1,"featured_media":0,"parent":0,"menu_order":0,"comment_status":"closed","ping_status":"closed","template":"","meta":{"_mi_skip_tracking":false},"yoast_head":"<!-- This site is optimized with the Yoast SEO plugin v18.4.1 - https:\/\/yoast.com\/wordpress\/plugins\/seo\/ -->\n<title>Contact - Iris AutoCenter<\/title>\n<meta name=\"description\" content=\"Contactez Iris Autocenter, le plus grand showroom de voitures d&#039;occasion \u00e0 Bruxelles. Nous sommes l\u00e0 pour vous aider pour un achat ou une vente de v\u00e9hicule.\" \/>\n<meta name=\"robots\" content=\"index, follow, max-snippet:-1, max-image-preview:large, max-video-preview:-1\" \/>\n<link rel=\"canonical\" href=\"https:\/\/www.irisautocenter.be\/en\/contact\/\" \/>\n<meta property=\"og:locale\" content=\"en_US\" \/>\n<meta property=\"og:type\" content=\"article\" \/>\n<meta property=\"og:title\" content=\"Contact - Iris AutoCenter\" \/>\n<meta property=\"og:description\" content=\"Contactez Iris Autocenter, le plus grand showroom de voitures d&#039;occasion \u00e0 Bruxelles. Nous sommes l\u00e0 pour vous aider pour un achat ou une vente de v\u00e9hicule.\" \/>\n<meta property=\"og:url\" content=\"https:\/\/www.irisautocenter.be\/en\/contact\/\" \/>\n<meta property=\"og:site_name\" content=\"Iris AutoCenter\" \/>\n<meta property=\"article:modified_time\" content=\"2024-02-22T17:36:13+00:00\" \/>\n<meta name=\"twitter:card\" content=\"summary_large_image\" \/>\n<meta name=\"twitter:label1\" content=\"Est. reading time\" \/>\n\t<meta name=\"twitter:data1\" content=\"2 minutes\" \/>\n<script type=\"application\/ld+json\" class=\"yoast-schema-graph\">{\"@context\":\"https:\/\/schema.org\",\"@graph\":[{\"@type\":\"Organization\",\"@id\":\"https:\/\/www.irisautocenter.be\/#organization\",\"name\":\"Iris Auto center\",\"url\":\"https:\/\/www.irisautocenter.be\/\",\"sameAs\":[],\"logo\":{\"@type\":\"ImageObject\",\"@id\":\"https:\/\/www.irisautocenter.be\/#logo\",\"inLanguage\":\"en-US\",\"url\":\"https:\/\/www.irisautocenter.be\/wp-content\/uploads\/2022\/09\/iris-logo2022-1.png\",\"contentUrl\":\"https:\/\/www.irisautocenter.be\/wp-content\/uploads\/2022\/09\/iris-logo2022-1.png\",\"width\":1386,\"height\":297,\"caption\":\"Iris Auto center\"},\"image\":{\"@id\":\"https:\/\/www.irisautocenter.be\/#logo\"}},{\"@type\":\"WebSite\",\"@id\":\"https:\/\/www.irisautocenter.be\/#website\",\"url\":\"https:\/\/www.irisautocenter.be\/\",\"name\":\"Iris AutoCenter\",\"description\":\"Revendeur de voitures d&#039;occasion en Belgique\",\"publisher\":{\"@id\":\"https:\/\/www.irisautocenter.be\/#organization\"},\"potentialAction\":[{\"@type\":\"SearchAction\",\"target\":{\"@type\":\"EntryPoint\",\"urlTemplate\":\"https:\/\/www.irisautocenter.be\/?s={search_term_string}\"},\"query-input\":\"required name=search_term_string\"}],\"inLanguage\":\"en-US\"},{\"@type\":\"WebPage\",\"@id\":\"https:\/\/www.irisautocenter.be\/en\/contact\/#webpage\",\"url\":\"https:\/\/www.irisautocenter.be\/en\/contact\/\",\"name\":\"Contact - Iris AutoCenter\",\"isPartOf\":{\"@id\":\"https:\/\/www.irisautocenter.be\/#website\"},\"datePublished\":\"2019-01-02T17:03:00+00:00\",\"dateModified\":\"2024-02-22T17:36:13+00:00\",\"description\":\"Contactez Iris Autocenter, le plus grand showroom de voitures d'occasion \u00e0 Bruxelles. Nous sommes l\u00e0 pour vous aider pour un achat ou une vente de v\u00e9hicule.\",\"breadcrumb\":{\"@id\":\"https:\/\/www.irisautocenter.be\/en\/contact\/#breadcrumb\"},\"inLanguage\":\"en-US\",\"potentialAction\":[{\"@type\":\"ReadAction\",\"target\":[\"https:\/\/www.irisautocenter.be\/en\/contact\/\"]}]},{\"@type\":\"BreadcrumbList\",\"@id\":\"https:\/\/www.irisautocenter.be\/en\/contact\/#breadcrumb\",\"itemListElement\":[{\"@type\":\"ListItem\",\"position\":1,\"name\":\"Accueil\",\"item\":\"https:\/\/www.irisautocenter.be\/en\/\"},{\"@type\":\"ListItem\",\"position\":2,\"name\":\"Contact\"}]}]}<\/script>\n<!-- \/ Yoast SEO plugin. -->","yoast_head_json":{"title":"Contact - Iris AutoCenter","description":"Contactez Iris Autocenter, le plus grand showroom de voitures d'occasion \u00e0 Bruxelles. Nous sommes l\u00e0 pour vous aider pour un achat ou une vente de v\u00e9hicule.","robots":{"index":"index","follow":"follow","max-snippet":"max-snippet:-1","max-image-preview":"max-image-preview:large","max-video-preview":"max-video-preview:-1"},"canonical":"https:\/\/www.irisautocenter.be\/en\/contact\/","og_locale":"en_US","og_type":"article","og_title":"Contact - Iris AutoCenter","og_description":"Contactez Iris Autocenter, le plus grand showroom de voitures d'occasion \u00e0 Bruxelles. Nous sommes l\u00e0 pour vous aider pour un achat ou une vente de v\u00e9hicule.","og_url":"https:\/\/www.irisautocenter.be\/en\/contact\/","og_site_name":"Iris AutoCenter","article_modified_time":"2024-02-22T17:36:13+00:00","twitter_card":"summary_large_image","twitter_misc":{"Est. reading time":"2 minutes"},"schema":{"@context":"https:\/\/schema.org","@graph":[{"@type":"Organization","@id":"https:\/\/www.irisautocenter.be\/#organization","name":"Iris Auto center","url":"https:\/\/www.irisautocenter.be\/","sameAs":[],"logo":{"@type":"ImageObject","@id":"https:\/\/www.irisautocenter.be\/#logo","inLanguage":"en-US","url":"https:\/\/www.irisautocenter.be\/wp-content\/uploads\/2022\/09\/iris-logo2022-1.png","contentUrl":"https:\/\/www.irisautocenter.be\/wp-content\/uploads\/2022\/09\/iris-logo2022-1.png","width":1386,"height":297,"caption":"Iris Auto center"},"image":{"@id":"https:\/\/www.irisautocenter.be\/#logo"}},{"@type":"WebSite","@id":"https:\/\/www.irisautocenter.be\/#website","url":"https:\/\/www.irisautocenter.be\/","name":"Iris AutoCenter","description":"Revendeur de voitures d&#039;occasion en Belgique","publisher":{"@id":"https:\/\/www.irisautocenter.be\/#organization"},"potentialAction":[{"@type":"SearchAction","target":{"@type":"EntryPoint","urlTemplate":"https:\/\/www.irisautocenter.be\/?s={search_term_string}"},"query-input":"required name=search_term_string"}],"inLanguage":"en-US"},{"@type":"WebPage","@id":"https:\/\/www.irisautocenter.be\/en\/contact\/#webpage","url":"https:\/\/www.irisautocenter.be\/en\/contact\/","name":"Contact - Iris AutoCenter","isPartOf":{"@id":"https:\/\/www.irisautocenter.be\/#website"},"datePublished":"2019-01-02T17:03:00+00:00","dateModified":"2024-02-22T17:36:13+00:00","description":"Contactez Iris Autocenter, le plus grand showroom de voitures d'occasion \u00e0 Bruxelles. Nous sommes l\u00e0 pour vous aider pour un achat ou une vente de v\u00e9hicule.","breadcrumb":{"@id":"https:\/\/www.irisautocenter.be\/en\/contact\/#breadcrumb"},"inLanguage":"en-US","potentialAction":[{"@type":"ReadAction","target":["https:\/\/www.irisautocenter.be\/en\/contact\/"]}]},{"@type":"BreadcrumbList","@id":"https:\/\/www.irisautocenter.be\/en\/contact\/#breadcrumb","itemListElement":[{"@type":"ListItem","position":1,"name":"Accueil","item":"https:\/\/www.irisautocenter.be\/en\/"},{"@type":"ListItem","position":2,"name":"Contact"}]}]}},"_links":{"self":[{"href":"https:\/\/www.irisautocenter.be\/en\/wp-json\/wp\/v2\/pages\/18220"}],"collection":[{"href":"https:\/\/www.irisautocenter.be\/en\/wp-json\/wp\/v2\/pages"}],"about":[{"href":"https:\/\/www.irisautocenter.be\/en\/wp-json\/wp\/v2\/types\/page"}],"author":[{"embeddable":true,"href":"https:\/\/www.irisautocenter.be\/en\/wp-json\/wp\/v2\/users\/1"}],"replies":[{"embeddable":true,"href":"https:\/\/www.irisautocenter.be\/en\/wp-json\/wp\/v2\/comments?post=18220"}],"version-history":[{"count":21,"href":"https:\/\/www.irisautocenter.be\/en\/wp-json\/wp\/v2\/pages\/18220\/revisions"}],"predecessor-version":[{"id":758378,"href":"https:\/\/www.irisautocenter.be\/en\/wp-json\/wp\/v2\/pages\/18220\/revisions\/758378"}],"wp:attachment":[{"href":"https:\/\/www.irisautocenter.be\/en\/wp-json\/wp\/v2\/media?parent=18220"}],"curies":[{"name":"wp","href":"https:\/\/api.w.org\/{rel}","templated":true}]}}