{"id":18831,"date":"2018-12-18T16:48:12","date_gmt":"2018-12-18T15:48:12","guid":{"rendered":"https:\/\/www.irisautocenter.be\/livre-dor\/"},"modified":"2022-09-08T17:23:29","modified_gmt":"2022-09-08T15:23:29","slug":"gastenboek","status":"publish","type":"page","link":"https:\/\/www.irisautocenter.be\/nl\/gastenboek\/","title":{"rendered":"Gastenboek"},"content":{"rendered":"<p>[vc_row el_wrapper_class=&#8221;grve-align-center&#8221;][vc_column][vc_raw_js]JTNDc2NyaXB0JTNFJTBBalF1ZXJ5JTI4ZG9jdW1lbnQlMjkucmVhZHklMjhmdW5jdGlvbiUyOCUyOSU3QiUwQSUyMCUyMGpRdWVyeSUyOCUyMmJ1dHRvbi5saXZyZWRvciUyMiUyOS5jbGljayUyOGZ1bmN0aW9uJTI4JTI5JTdCJTBBJTIwJTIwJTIwJTIwalF1ZXJ5JTI4JTIyJTIzbGl2cmVkb3IlMjIlMjkuc2xpZGVUb2dnbGUlMjglMjJzbG93JTIyJTI5JTNCJTBBJTIwJTIwJTdEJTI5JTNCJTBBJTdEJTI5JTNCJTBBJTNDJTJGc2NyaXB0JTNF[\/vc_raw_js][vc_raw_html]JTNDYnV0dG9uJTIwY2xhc3MlM0QlMjJncnZlLWJ0biUyMGdydmUtYnRuLW1lZGl1bSUyMGdydmUtZXh0cmEtcm91bmQlMjBncnZlLWJnLXByaW1hcnktMSUyMGdydmUtYmctaG92ZXItYmxhY2slMjBncnZlLWNlbnRlciUyMGxpdnJlZG9yJTIyJTNFSW4lMjBoZXQlMjBnYXN0ZW5ib2VrJTIwc2NocmlqdmVuJTNDJTJGYnV0dG9uJTNF[\/vc_raw_html][\/vc_column][\/vc_row][vc_row padding_top_multiplier=&#8221;&#8221; padding_bottom_multiplier=&#8221;2x&#8221; section_id=&#8221;livredor&#8221;][vc_column width=&#8221;1\/6&#8243;][\/vc_column][vc_column width=&#8221;2\/3&#8243;][vc_column_text]<div class=\"frm_forms \" id=\"frm_form_13_container\" >\n<form enctype=\"multipart\/form-data\" method=\"post\" class=\"frm-show-form  frm_js_validate  frm_pro_form  frm_ajax_submit \" id=\"form_ehbx22\"  >\n<div class=\"frm_form_fields \">\n<fieldset>\n<legend class=\"frm_screen_reader\">Testimonial-NL<\/legend>\r\n\r\n<div class=\"frm_fields_container\">\n<input type=\"hidden\" name=\"frm_action\" value=\"create\" \/>\n<input type=\"hidden\" name=\"form_id\" value=\"13\" \/>\n<input type=\"hidden\" name=\"frm_hide_fields_13\" id=\"frm_hide_fields_13\" value=\"\" \/>\n<input type=\"hidden\" name=\"form_key\" value=\"ehbx22\" \/>\n<input type=\"hidden\" name=\"item_meta[0]\" value=\"\" \/>\n<input type=\"hidden\" id=\"frm_submit_entry_13\" name=\"frm_submit_entry_13\" value=\"495707695d\" \/><input type=\"hidden\" name=\"_wp_http_referer\" value=\"\/nl\/wp-json\/wp\/v2\/pages\/18831\" \/><div id=\"frm_field_147_container\" class=\"frm_form_field form-field  frm_required_field frm_top_container frm_first frm_half\">\r\n    <label for=\"field_ib9k73\" class=\"frm_primary_label\">Uw naam\r\n        <span class=\"frm_required\">*<\/span>\r\n    <\/label>\r\n    <input type=\"text\" id=\"field_ib9k73\" name=\"item_meta[147]\" value=\"\"  data-reqmsg=\"This field cannot be empty\" aria-required=\"true\" data-invmsg=\"texte est non valide\" aria-invalid=\"false\"  \/>\r\n    \r\n    \r\n<\/div>\n<div id=\"frm_field_148_container\" class=\"frm_form_field form-field  frm_required_field frm_top_container frm_last frm_half\">\r\n    <label for=\"field_dy8pb3\" class=\"frm_primary_label\">Uw e-mail\r\n        <span class=\"frm_required\">*<\/span>\r\n    <\/label>\r\n    <input type=\"email\" id=\"field_dy8pb3\" name=\"item_meta[148]\" value=\"\"  data-reqmsg=\"This field cannot be empty\" aria-required=\"true\" data-invmsg=\"E-mail est non valide\" aria-invalid=\"false\"  \/>\r\n    \r\n    \r\n<\/div>\n<div id=\"frm_field_149_container\" class=\"frm_form_field form-field  frm_required_field frm_top_container\">\r\n    <label for=\"field_91dv73\" class=\"frm_primary_label\">Uw bericht\r\n        <span class=\"frm_required\">*<\/span>\r\n    <\/label>\r\n    <textarea name=\"item_meta[149]\" id=\"field_91dv73\" rows=\"5\"  data-reqmsg=\"This field cannot be empty\" aria-required=\"true\" data-invmsg=\"Uw bericht is ongeldig\" aria-invalid=\"false\"  ><\/textarea>\r\n    \r\n    \r\n<\/div>\n<div id=\"frm_field_150_container\" class=\"frm_form_field form-field  frm_required_field frm_top_container frm_full vertical_radio\">\r\n    <label for=\"field_ufajq3\" class=\"frm_primary_label\">Privacy Bescherming\r\n        <span class=\"frm_required\">*<\/span>\r\n    <\/label>\r\n    <div class=\"frm_opt_container\">\t\t<div class=\"frm_checkbox\" id=\"frm_checkbox_150-0\"><label for=\"field_ufajq3-0\"><input type=\"checkbox\" name=\"item_meta[150][]\" id=\"field_ufajq3-0\" value=\"Uw gegevens worden enkel gebruikt om contact op te nemen met een professionele verkoper. In ons &lt;a class=&quot;red&quot; href=&quot;https:\/\/www.irisautocenter.be\/nl\/privacybeleid\/&quot;&gt;privacybeleid&lt;\/a&gt; vindt u meer informatie over het gebruik van uw gegeven op onze website.\"  data-reqmsg=\"Nous avons besoin de votre accord pour traiter vos donn\u00e9es personnelles.\" aria-required=\"true\" data-invmsg=\"Privacy Bescherming is ongeldig\" aria-invalid=\"false\"   \/> Uw gegevens worden enkel gebruikt om contact op te nemen met een professionele verkoper. In ons <a class=\"red\" href=\"https:\/\/www.irisautocenter.be\/nl\/privacybeleid\/\">privacybeleid<\/a> vindt u meer informatie over het gebruik van uw gegeven op onze website.<\/label><\/div>\n<\/div>\r\n    \r\n    \r\n<\/div>\n<div id=\"frm_field_151_container\" class=\"frm_form_field form-field  frm_none_container\">\r\n    <label  class=\"frm_primary_label\">reCAPTCHA\r\n        <span class=\"frm_required\"><\/span>\r\n    <\/label>\r\n    <div id=\"field_pn3r63\" class=\"g-recaptcha\" data-sitekey=\"6Ldl54kUAAAAACaUoNMZikzKAwCnzV31HAHF0epL\" data-size=\"invisible\" data-theme=\"light\" data-callback=\"frmAfterRecaptcha\"><\/div>\r\n    \r\n    \r\n<\/div>\n\t<input type=\"hidden\" name=\"item_key\" value=\"\" \/>\n\t\t\t\t<div class=\"frm_verify\" aria-hidden=\"true\">\n\t\t\t\t<label for=\"frm_email_13\">\n\t\t\t\t\tIf you are human, leave this field blank.\t\t\t\t<\/label>\n\t\t\t\t<input type=\"text\" class=\"frm_verify\" id=\"frm_email_13\" name=\"frm_verify\" value=\"\"  \/>\n\t\t\t<\/div>\n\t\t<input name=\"frm_state\" type=\"hidden\" value=\"4hIxPOI+aJsYVtSY3hU\/65axpeg2nIVJrmVWBeuAqWA=\" \/><div class=\"frm_submit\">\r\n\r\n<button class=\"frm_button_submit frm_final_submit\" type=\"submit\"   formnovalidate=\"formnovalidate\">Verzenden<\/button>\r\n\r\n<\/div><\/div>\n<\/fieldset>\n<\/div>\n<\/form>\n<\/div>\n[\/vc_column_text][\/vc_column][vc_column width=&#8221;1\/6&#8243;][\/vc_column][\/vc_row][vc_row][vc_column][\/vc_column][\/vc_row]<\/p>\n","protected":false},"excerpt":{"rendered":"<p>[vc_row el_wrapper_class=&#8221;grve-align-center&#8221;][vc_column][vc_raw_js]JTNDc2NyaXB0JTNFJTBBalF1ZXJ5JTI4ZG9jdW1lbnQlMjkucmVhZHklMjhmdW5jdGlvbiUyOCUyOSU3QiUwQSUyMCUyMGpRdWVyeSUyOCUyMmJ1dHRvbi5saXZyZWRvciUyMiUyOS5jbGljayUyOGZ1bmN0aW9uJTI4JTI5JTdCJTBBJTIwJTIwJTIwJTIwalF1ZXJ5JTI4JTIyJTIzbGl2cmVkb3IlMjIlMjkuc2xpZGVUb2dnbGUlMjglMjJzbG93JTIyJTI5JTNCJTBBJTIwJTIwJTdEJTI5JTNCJTBBJTdEJTI5JTNCJTBBJTNDJTJGc2NyaXB0JTNF[\/vc_raw_js][vc_raw_html]JTNDYnV0dG9uJTIwY2xhc3MlM0QlMjJncnZlLWJ0biUyMGdydmUtYnRuLW1lZGl1bSUyMGdydmUtZXh0cmEtcm91bmQlMjBncnZlLWJnLXByaW1hcnktMSUyMGdydmUtYmctaG92ZXItYmxhY2slMjBncnZlLWNlbnRlciUyMGxpdnJlZG9yJTIyJTNFSW4lMjBoZXQlMjBnYXN0ZW5ib2VrJTIwc2NocmlqdmVuJTNDJTJGYnV0dG9uJTNF[\/vc_raw_html][\/vc_column][\/vc_row][vc_row padding_top_multiplier=&#8221;&#8221; padding_bottom_multiplier=&#8221;2x&#8221; section_id=&#8221;livredor&#8221;][vc_column width=&#8221;1\/6&#8243;][\/vc_column][vc_column width=&#8221;2\/3&#8243;][vc_column_text][\/vc_column_text][\/vc_column][vc_column width=&#8221;1\/6&#8243;][\/vc_column][\/vc_row][vc_row][vc_column][\/vc_column][\/vc_row]<\/p>\n","protected":false},"author":1,"featured_media":0,"parent":0,"menu_order":0,"comment_status":"closed","ping_status":"closed","template":"","meta":{"_mi_skip_tracking":false},"yoast_head":"<!-- This site is optimized with the Yoast SEO plugin v18.4.1 - https:\/\/yoast.com\/wordpress\/plugins\/seo\/ -->\n<title>Gastenboek - Iris AutoCenter<\/title>\n<meta name=\"description\" content=\"Partagez votre exp\u00e9rience concernant Iris Autocenter et faites partie de notre livre d&#039;or en ajoutant votre t\u00e9moignage client aupr\u00e8s d&#039;Iris Autocenter.\" \/>\n<meta name=\"robots\" content=\"index, follow, max-snippet:-1, max-image-preview:large, max-video-preview:-1\" \/>\n<link rel=\"canonical\" href=\"https:\/\/www.irisautocenter.be\/nl\/gastenboek\/\" \/>\n<meta property=\"og:locale\" content=\"nl_NL\" \/>\n<meta property=\"og:type\" content=\"article\" \/>\n<meta property=\"og:title\" content=\"Gastenboek - Iris AutoCenter\" \/>\n<meta property=\"og:description\" content=\"Partagez votre exp\u00e9rience concernant Iris Autocenter et faites partie de notre livre d&#039;or en ajoutant votre t\u00e9moignage client aupr\u00e8s d&#039;Iris Autocenter.\" \/>\n<meta property=\"og:url\" content=\"https:\/\/www.irisautocenter.be\/nl\/gastenboek\/\" \/>\n<meta property=\"og:site_name\" content=\"Iris AutoCenter\" \/>\n<meta property=\"article:modified_time\" content=\"2022-09-08T15:23:29+00:00\" \/>\n<meta name=\"twitter:card\" content=\"summary_large_image\" \/>\n<meta name=\"twitter:label1\" content=\"Geschatte leestijd\" \/>\n\t<meta name=\"twitter:data1\" content=\"1 minuut\" \/>\n<script type=\"application\/ld+json\" class=\"yoast-schema-graph\">{\"@context\":\"https:\/\/schema.org\",\"@graph\":[{\"@type\":\"Organization\",\"@id\":\"https:\/\/www.irisautocenter.be\/#organization\",\"name\":\"Iris Auto center\",\"url\":\"https:\/\/www.irisautocenter.be\/\",\"sameAs\":[],\"logo\":{\"@type\":\"ImageObject\",\"@id\":\"https:\/\/www.irisautocenter.be\/#logo\",\"inLanguage\":\"nl\",\"url\":\"https:\/\/www.irisautocenter.be\/wp-content\/uploads\/2022\/09\/iris-logo2022-1.png\",\"contentUrl\":\"https:\/\/www.irisautocenter.be\/wp-content\/uploads\/2022\/09\/iris-logo2022-1.png\",\"width\":1386,\"height\":297,\"caption\":\"Iris Auto center\"},\"image\":{\"@id\":\"https:\/\/www.irisautocenter.be\/#logo\"}},{\"@type\":\"WebSite\",\"@id\":\"https:\/\/www.irisautocenter.be\/#website\",\"url\":\"https:\/\/www.irisautocenter.be\/\",\"name\":\"Iris AutoCenter\",\"description\":\"Revendeur de voitures d&#039;occasion en Belgique\",\"publisher\":{\"@id\":\"https:\/\/www.irisautocenter.be\/#organization\"},\"potentialAction\":[{\"@type\":\"SearchAction\",\"target\":{\"@type\":\"EntryPoint\",\"urlTemplate\":\"https:\/\/www.irisautocenter.be\/?s={search_term_string}\"},\"query-input\":\"required name=search_term_string\"}],\"inLanguage\":\"nl\"},{\"@type\":\"WebPage\",\"@id\":\"https:\/\/www.irisautocenter.be\/nl\/gastenboek\/#webpage\",\"url\":\"https:\/\/www.irisautocenter.be\/nl\/gastenboek\/\",\"name\":\"Gastenboek - Iris AutoCenter\",\"isPartOf\":{\"@id\":\"https:\/\/www.irisautocenter.be\/#website\"},\"datePublished\":\"2018-12-18T15:48:12+00:00\",\"dateModified\":\"2022-09-08T15:23:29+00:00\",\"description\":\"Partagez votre exp\u00e9rience concernant Iris Autocenter et faites partie de notre livre d'or en ajoutant votre t\u00e9moignage client aupr\u00e8s d'Iris Autocenter.\",\"breadcrumb\":{\"@id\":\"https:\/\/www.irisautocenter.be\/nl\/gastenboek\/#breadcrumb\"},\"inLanguage\":\"nl\",\"potentialAction\":[{\"@type\":\"ReadAction\",\"target\":[\"https:\/\/www.irisautocenter.be\/nl\/gastenboek\/\"]}]},{\"@type\":\"BreadcrumbList\",\"@id\":\"https:\/\/www.irisautocenter.be\/nl\/gastenboek\/#breadcrumb\",\"itemListElement\":[{\"@type\":\"ListItem\",\"position\":1,\"name\":\"Accueil\",\"item\":\"https:\/\/www.irisautocenter.be\/nl\/\"},{\"@type\":\"ListItem\",\"position\":2,\"name\":\"Gastenboek\"}]}]}<\/script>\n<!-- \/ Yoast SEO plugin. -->","yoast_head_json":{"title":"Gastenboek - Iris AutoCenter","description":"Partagez votre exp\u00e9rience concernant Iris Autocenter et faites partie de notre livre d'or en ajoutant votre t\u00e9moignage client aupr\u00e8s d'Iris Autocenter.","robots":{"index":"index","follow":"follow","max-snippet":"max-snippet:-1","max-image-preview":"max-image-preview:large","max-video-preview":"max-video-preview:-1"},"canonical":"https:\/\/www.irisautocenter.be\/nl\/gastenboek\/","og_locale":"nl_NL","og_type":"article","og_title":"Gastenboek - Iris AutoCenter","og_description":"Partagez votre exp\u00e9rience concernant Iris Autocenter et faites partie de notre livre d'or en ajoutant votre t\u00e9moignage client aupr\u00e8s d'Iris Autocenter.","og_url":"https:\/\/www.irisautocenter.be\/nl\/gastenboek\/","og_site_name":"Iris AutoCenter","article_modified_time":"2022-09-08T15:23:29+00:00","twitter_card":"summary_large_image","twitter_misc":{"Geschatte leestijd":"1 minuut"},"schema":{"@context":"https:\/\/schema.org","@graph":[{"@type":"Organization","@id":"https:\/\/www.irisautocenter.be\/#organization","name":"Iris Auto center","url":"https:\/\/www.irisautocenter.be\/","sameAs":[],"logo":{"@type":"ImageObject","@id":"https:\/\/www.irisautocenter.be\/#logo","inLanguage":"nl","url":"https:\/\/www.irisautocenter.be\/wp-content\/uploads\/2022\/09\/iris-logo2022-1.png","contentUrl":"https:\/\/www.irisautocenter.be\/wp-content\/uploads\/2022\/09\/iris-logo2022-1.png","width":1386,"height":297,"caption":"Iris Auto center"},"image":{"@id":"https:\/\/www.irisautocenter.be\/#logo"}},{"@type":"WebSite","@id":"https:\/\/www.irisautocenter.be\/#website","url":"https:\/\/www.irisautocenter.be\/","name":"Iris AutoCenter","description":"Revendeur de voitures d&#039;occasion en Belgique","publisher":{"@id":"https:\/\/www.irisautocenter.be\/#organization"},"potentialAction":[{"@type":"SearchAction","target":{"@type":"EntryPoint","urlTemplate":"https:\/\/www.irisautocenter.be\/?s={search_term_string}"},"query-input":"required name=search_term_string"}],"inLanguage":"nl"},{"@type":"WebPage","@id":"https:\/\/www.irisautocenter.be\/nl\/gastenboek\/#webpage","url":"https:\/\/www.irisautocenter.be\/nl\/gastenboek\/","name":"Gastenboek - Iris AutoCenter","isPartOf":{"@id":"https:\/\/www.irisautocenter.be\/#website"},"datePublished":"2018-12-18T15:48:12+00:00","dateModified":"2022-09-08T15:23:29+00:00","description":"Partagez votre exp\u00e9rience concernant Iris Autocenter et faites partie de notre livre d'or en ajoutant votre t\u00e9moignage client aupr\u00e8s d'Iris Autocenter.","breadcrumb":{"@id":"https:\/\/www.irisautocenter.be\/nl\/gastenboek\/#breadcrumb"},"inLanguage":"nl","potentialAction":[{"@type":"ReadAction","target":["https:\/\/www.irisautocenter.be\/nl\/gastenboek\/"]}]},{"@type":"BreadcrumbList","@id":"https:\/\/www.irisautocenter.be\/nl\/gastenboek\/#breadcrumb","itemListElement":[{"@type":"ListItem","position":1,"name":"Accueil","item":"https:\/\/www.irisautocenter.be\/nl\/"},{"@type":"ListItem","position":2,"name":"Gastenboek"}]}]}},"_links":{"self":[{"href":"https:\/\/www.irisautocenter.be\/nl\/wp-json\/wp\/v2\/pages\/18831"}],"collection":[{"href":"https:\/\/www.irisautocenter.be\/nl\/wp-json\/wp\/v2\/pages"}],"about":[{"href":"https:\/\/www.irisautocenter.be\/nl\/wp-json\/wp\/v2\/types\/page"}],"author":[{"embeddable":true,"href":"https:\/\/www.irisautocenter.be\/nl\/wp-json\/wp\/v2\/users\/1"}],"replies":[{"embeddable":true,"href":"https:\/\/www.irisautocenter.be\/nl\/wp-json\/wp\/v2\/comments?post=18831"}],"version-history":[{"count":2,"href":"https:\/\/www.irisautocenter.be\/nl\/wp-json\/wp\/v2\/pages\/18831\/revisions"}],"predecessor-version":[{"id":19109,"href":"https:\/\/www.irisautocenter.be\/nl\/wp-json\/wp\/v2\/pages\/18831\/revisions\/19109"}],"wp:attachment":[{"href":"https:\/\/www.irisautocenter.be\/nl\/wp-json\/wp\/v2\/media?parent=18831"}],"curies":[{"name":"wp","href":"https:\/\/api.w.org\/{rel}","templated":true}]}}